{"id":880,"date":"2024-10-25T08:24:49","date_gmt":"2024-10-25T08:24:49","guid":{"rendered":"https:\/\/sunriseenergy.es\/over-ons\/"},"modified":"2025-10-24T06:35:49","modified_gmt":"2025-10-24T06:35:49","slug":"over-ons","status":"publish","type":"page","link":"https:\/\/sunriseenergy.es\/nl\/over-ons\/","title":{"rendered":"Over ons"},"content":{"rendered":"\t\t<div data-elementor-type=\"wp-page\" data-elementor-id=\"880\" class=\"elementor elementor-880 elementor-255\" data-elementor-post-type=\"page\">\n\t\t\t\t<div class=\"elementor-element elementor-element-53a2621 e-flex e-con-boxed e-con e-parent\" data-id=\"53a2621\" data-element_type=\"container\" data-e-type=\"container\" data-settings=\"{&quot;background_background&quot;:&quot;classic&quot;}\">\n\t\t\t\t\t<div class=\"e-con-inner\">\n\t\t<div class=\"elementor-element elementor-element-17f6919 e-con-full e-flex e-con e-child\" data-id=\"17f6919\" data-element_type=\"container\" data-e-type=\"container\">\n\t\t\t\t<div class=\"elementor-element elementor-element-52a5d02 elementor-widget elementor-widget-heading\" data-id=\"52a5d02\" data-element_type=\"widget\" data-e-type=\"widget\" data-widget_type=\"heading.default\">\n\t\t\t\t<div class=\"elementor-widget-container\">\n\t\t\t\t\t<h1 class=\"elementor-heading-title elementor-size-default\">Over ons<\/h1>\t\t\t\t<\/div>\n\t\t\t\t<\/div>\n\t\t\t\t<div class=\"elementor-element elementor-element-22fbd98 elementor-widget elementor-widget-shortcode\" data-id=\"22fbd98\" data-element_type=\"widget\" data-e-type=\"widget\" data-widget_type=\"shortcode.default\">\n\t\t\t\t<div class=\"elementor-widget-container\">\n\t\t\t\t\t\t\t<div class=\"elementor-shortcode\"><nav aria-label=\"breadcrumbs\" class=\"rank-math-breadcrumb\"><p><span class=\"last\">Home<\/span><\/p><\/nav><\/div>\n\t\t\t\t\t\t<\/div>\n\t\t\t\t<\/div>\n\t\t\t\t<\/div>\n\t\t\t\t\t<\/div>\n\t\t\t\t<\/div>\n\t\t<div class=\"elementor-element elementor-element-d474a3e e-flex e-con-boxed e-con e-parent\" data-id=\"d474a3e\" data-element_type=\"container\" data-e-type=\"container\">\n\t\t\t\t\t<div class=\"e-con-inner\">\n\t\t<div class=\"elementor-element elementor-element-e3604b8 e-con-full e-flex e-con e-child\" data-id=\"e3604b8\" data-element_type=\"container\" data-e-type=\"container\">\n\t\t\t\t<div class=\"elementor-element elementor-element-2847b83 elementor-widget elementor-widget-image\" data-id=\"2847b83\" data-element_type=\"widget\" data-e-type=\"widget\" data-widget_type=\"image.default\">\n\t\t\t\t<div class=\"elementor-widget-container\">\n\t\t\t\t\t\t\t\t\t\t\t\t\t\t\t<img fetchpriority=\"high\" decoding=\"async\" width=\"1425\" height=\"1180\" src=\"https:\/\/sunriseenergy.es\/wp-content\/uploads\/2024\/10\/20240824_182312-1-scaled-e1730368162580.jpg\" class=\"attachment-full size-full wp-image-853\" alt=\"\" srcset=\"https:\/\/sunriseenergy.es\/wp-content\/uploads\/2024\/10\/20240824_182312-1-scaled-e1730368162580.jpg 1425w, https:\/\/sunriseenergy.es\/wp-content\/uploads\/2024\/10\/20240824_182312-1-scaled-e1730368162580-300x248.jpg 300w, https:\/\/sunriseenergy.es\/wp-content\/uploads\/2024\/10\/20240824_182312-1-scaled-e1730368162580-1024x848.jpg 1024w, https:\/\/sunriseenergy.es\/wp-content\/uploads\/2024\/10\/20240824_182312-1-scaled-e1730368162580-768x636.jpg 768w\" sizes=\"(max-width: 1425px) 100vw, 1425px\" \/>\t\t\t\t\t\t\t\t\t\t\t\t\t\t\t<\/div>\n\t\t\t\t<\/div>\n\t\t\t\t<\/div>\n\t\t<div class=\"elementor-element elementor-element-73690d7 e-con-full e-flex e-con e-child\" data-id=\"73690d7\" data-element_type=\"container\" data-e-type=\"container\">\n\t\t\t\t<div class=\"elementor-element elementor-element-004c98b elementor-widget elementor-widget-heading\" data-id=\"004c98b\" data-element_type=\"widget\" data-e-type=\"widget\" data-widget_type=\"heading.default\">\n\t\t\t\t<div class=\"elementor-widget-container\">\n\t\t\t\t\t<h2 class=\"elementor-heading-title elementor-size-default\">Over Sunrise Energy<\/h2>\t\t\t\t<\/div>\n\t\t\t\t<\/div>\n\t\t\t\t<div class=\"elementor-element elementor-element-d2ac314 elementor-hidden-mobile elementor-widget elementor-widget-heading\" data-id=\"d2ac314\" data-element_type=\"widget\" data-e-type=\"widget\" data-widget_type=\"heading.default\">\n\t\t\t\t<div class=\"elementor-widget-container\">\n\t\t\t\t\t<h2 class=\"elementor-heading-title elementor-size-default\"><br><\/h2>\t\t\t\t<\/div>\n\t\t\t\t<\/div>\n\t\t\t\t<div class=\"elementor-element elementor-element-0b5df3a elementor-widget elementor-widget-text-editor\" data-id=\"0b5df3a\" data-element_type=\"widget\" data-e-type=\"widget\" data-widget_type=\"text-editor.default\">\n\t\t\t\t<div class=\"elementor-widget-container\">\n\t\t\t\t\t\t\t\t\t<p>Jos\u00e9 heeft meer dan 10 jaar ervaring met het installeren van zonnepanelen in Nederland. In 2022 besloot hij met zijn vrouw Jo\u00eblle naar Spanje te verhuizen, waar ze zich in Elche vestigden. Jo\u00eblle, die werkt als virtueel assistente, regelt en organiseert alles tot in de puntjes, Terwijl Jos\u00e9 als kritisch en nauwkeurig installateur de technische kant van de klus voor zijn rekening neemt. Samen vormen ze een perfect team en hebben ze hun eigen zonnepanelenbedrijf opgezet.   <\/p>\n\t\t\t\t\t\t\t\t<\/div>\n\t\t\t\t<\/div>\n\t\t\t\t<div class=\"elementor-element elementor-element-30568e6 elementor-widget elementor-widget-heading\" data-id=\"30568e6\" data-element_type=\"widget\" data-e-type=\"widget\" data-widget_type=\"heading.default\">\n\t\t\t\t<div class=\"elementor-widget-container\">\n\t\t\t\t\t<h2 class=\"elementor-heading-title elementor-size-default\">Samenwerkingen<\/h2>\t\t\t\t<\/div>\n\t\t\t\t<\/div>\n\t\t\t\t<div class=\"elementor-element elementor-element-9865f14 elementor-widget elementor-widget-text-editor\" data-id=\"9865f14\" data-element_type=\"widget\" data-e-type=\"widget\" data-widget_type=\"text-editor.default\">\n\t\t\t\t<div class=\"elementor-widget-container\">\n\t\t\t\t\t\t\t\t\t<p>Ze werken samen met Jes\u00fas en Fran, die elk expertise in complementaire gebieden inbrengen. Jes\u00fas heeft jarenlange ervaring in de bouw en zonnepanelen, terwijl Fran gespecialiseerd is in zonnepanelen en laadpalen voor elektrische auto&#8217;s. Deze combinatie van kennis en vaardigheden zorgt voor een zeer effectieve en betrouwbare samenwerking. Hun persoonlijke aanpak garandeert dat elk project wordt afgestemd op de specifieke behoeften en verwachtingen van hun klanten, met prioriteit voor kwaliteit en duurzaamheid.<\/p>\t\t\t\t\t\t\t\t<\/div>\n\t\t\t\t<\/div>\n\t\t\t\t<div class=\"elementor-element elementor-element-edaf9ad elementor-widget elementor-widget-heading\" data-id=\"edaf9ad\" data-element_type=\"widget\" data-e-type=\"widget\" data-widget_type=\"heading.default\">\n\t\t\t\t<div class=\"elementor-widget-container\">\n\t\t\t\t\t<h2 class=\"elementor-heading-title elementor-size-default\">De missie<\/h2>\t\t\t\t<\/div>\n\t\t\t\t<\/div>\n\t\t\t\t<div class=\"elementor-element elementor-element-9011ed0 elementor-widget elementor-widget-text-editor\" data-id=\"9011ed0\" data-element_type=\"widget\" data-e-type=\"widget\" data-widget_type=\"text-editor.default\">\n\t\t\t\t<div class=\"elementor-widget-container\">\n\t\t\t\t\t\t\t\t\t<p>Hun missie? Mensen helpen om over te stappen op hernieuwbare energie met een service die tot in de puntjes klopt.  <\/p>\n\t\t\t\t\t\t\t\t<\/div>\n\t\t\t\t<\/div>\n\t\t\t\t<div class=\"elementor-element elementor-element-b053083 elementor-align-right elementor-widget elementor-widget-button\" data-id=\"b053083\" data-element_type=\"widget\" data-e-type=\"widget\" data-widget_type=\"button.default\">\n\t\t\t\t<div class=\"elementor-widget-container\">\n\t\t\t\t\t\t\t\t\t<div class=\"elementor-button-wrapper\">\n\t\t\t\t\t<a class=\"elementor-button elementor-button-link elementor-size-sm\" href=\"https:\/\/sunriseenergy.es\/contact\/\">\n\t\t\t\t\t\t<span class=\"elementor-button-content-wrapper\">\n\t\t\t\t\t\t\t\t\t<span class=\"elementor-button-text\">Neem contact op<\/span>\n\t\t\t\t\t<\/span>\n\t\t\t\t\t<\/a>\n\t\t\t\t<\/div>\n\t\t\t\t\t\t\t\t<\/div>\n\t\t\t\t<\/div>\n\t\t\t\t<\/div>\n\t\t\t\t\t<\/div>\n\t\t\t\t<\/div>\n\t\t\t\t<\/div>\n\t\t","protected":false},"excerpt":{"rendered":"<p>Over Sunrise Energy Jos\u00e9 heeft meer dan 10 jaar ervaring met het installeren van zonnepanelen in Nederland. In 2022 besloot hij met zijn vrouw Jo\u00eblle naar Spanje te verhuizen, waar ze zich in Elche vestigden. Jo\u00eblle, die werkt als virtueel assistente, regelt en organiseert alles tot in de puntjes, Terwijl Jos\u00e9 als kritisch en nauwkeurig [&hellip;]<\/p>\n","protected":false},"author":1,"featured_media":0,"parent":0,"menu_order":0,"comment_status":"closed","ping_status":"closed","template":"","meta":{"_acf_changed":false,"footnotes":""},"class_list":["post-880","page","type-page","status-publish","hentry"],"acf":[],"_links":{"self":[{"href":"https:\/\/sunriseenergy.es\/nl\/wp-json\/wp\/v2\/pages\/880","targetHints":{"allow":["GET"]}}],"collection":[{"href":"https:\/\/sunriseenergy.es\/nl\/wp-json\/wp\/v2\/pages"}],"about":[{"href":"https:\/\/sunriseenergy.es\/nl\/wp-json\/wp\/v2\/types\/page"}],"author":[{"embeddable":true,"href":"https:\/\/sunriseenergy.es\/nl\/wp-json\/wp\/v2\/users\/1"}],"replies":[{"embeddable":true,"href":"https:\/\/sunriseenergy.es\/nl\/wp-json\/wp\/v2\/comments?post=880"}],"version-history":[{"count":7,"href":"https:\/\/sunriseenergy.es\/nl\/wp-json\/wp\/v2\/pages\/880\/revisions"}],"predecessor-version":[{"id":9903,"href":"https:\/\/sunriseenergy.es\/nl\/wp-json\/wp\/v2\/pages\/880\/revisions\/9903"}],"wp:attachment":[{"href":"https:\/\/sunriseenergy.es\/nl\/wp-json\/wp\/v2\/media?parent=880"}],"curies":[{"name":"wp","href":"https:\/\/api.w.org\/{rel}","templated":true}]}}