{"id":7950,"date":"2025-04-25T05:13:29","date_gmt":"2025-04-25T05:13:29","guid":{"rendered":"https:\/\/sunriseenergy.es\/blog\/"},"modified":"2025-10-24T06:40:27","modified_gmt":"2025-10-24T06:40:27","slug":"blog","status":"publish","type":"page","link":"https:\/\/sunriseenergy.es\/nl\/blog\/","title":{"rendered":"Blog"},"content":{"rendered":"\t\t<div data-elementor-type=\"wp-page\" data-elementor-id=\"7950\" class=\"elementor elementor-7950 elementor-7685\" data-elementor-post-type=\"page\">\n\t\t\t\t<div class=\"elementor-element elementor-element-e3ed81d e-flex e-con-boxed e-con e-parent\" data-id=\"e3ed81d\" data-element_type=\"container\" data-e-type=\"container\" data-settings=\"{&quot;background_background&quot;:&quot;classic&quot;}\">\n\t\t\t\t\t<div class=\"e-con-inner\">\n\t\t<div class=\"elementor-element elementor-element-0086ba5 e-con-full e-flex e-con e-child\" data-id=\"0086ba5\" data-element_type=\"container\" data-e-type=\"container\">\n\t\t\t\t<div class=\"elementor-element elementor-element-abe5549 elementor-widget elementor-widget-heading\" data-id=\"abe5549\" data-element_type=\"widget\" data-e-type=\"widget\" data-widget_type=\"heading.default\">\n\t\t\t\t<div class=\"elementor-widget-container\">\n\t\t\t\t\t<h1 class=\"elementor-heading-title elementor-size-default\">Blog<\/h1>\t\t\t\t<\/div>\n\t\t\t\t<\/div>\n\t\t\t\t<div class=\"elementor-element elementor-element-f35e84b elementor-widget elementor-widget-shortcode\" data-id=\"f35e84b\" data-element_type=\"widget\" data-e-type=\"widget\" data-widget_type=\"shortcode.default\">\n\t\t\t\t<div class=\"elementor-widget-container\">\n\t\t\t\t\t\t\t<div class=\"elementor-shortcode\"><nav aria-label=\"breadcrumbs\" class=\"rank-math-breadcrumb\"><p><span class=\"last\">Home<\/span><\/p><\/nav><\/div>\n\t\t\t\t\t\t<\/div>\n\t\t\t\t<\/div>\n\t\t\t\t<\/div>\n\t\t\t\t\t<\/div>\n\t\t\t\t<\/div>\n\t\t<div class=\"elementor-element elementor-element-9e175d8 e-flex e-con-boxed e-con e-parent\" data-id=\"9e175d8\" data-element_type=\"container\" data-e-type=\"container\">\n\t\t\t\t\t<div class=\"e-con-inner\">\n\t\t\t\t<div class=\"elementor-element elementor-element-b15cdf3 elementor-grid-3 elementor-grid-tablet-2 elementor-grid-mobile-1 elementor-posts--thumbnail-top elementor-card-shadow-yes elementor-posts__hover-gradient elementor-widget elementor-widget-posts\" data-id=\"b15cdf3\" data-element_type=\"widget\" data-e-type=\"widget\" data-settings=\"{&quot;cards_columns&quot;:&quot;3&quot;,&quot;cards_columns_tablet&quot;:&quot;2&quot;,&quot;cards_columns_mobile&quot;:&quot;1&quot;,&quot;cards_row_gap&quot;:{&quot;unit&quot;:&quot;px&quot;,&quot;size&quot;:35,&quot;sizes&quot;:[]},&quot;cards_row_gap_tablet&quot;:{&quot;unit&quot;:&quot;px&quot;,&quot;size&quot;:&quot;&quot;,&quot;sizes&quot;:[]},&quot;cards_row_gap_mobile&quot;:{&quot;unit&quot;:&quot;px&quot;,&quot;size&quot;:&quot;&quot;,&quot;sizes&quot;:[]}}\" data-widget_type=\"posts.cards\">\n\t\t\t\t<div class=\"elementor-widget-container\">\n\t\t\t\t\t\t\t<div class=\"elementor-posts-container elementor-posts elementor-posts--skin-cards elementor-grid\" role=\"list\">\n\t\t\t\t<article class=\"elementor-post elementor-grid-item post-10320 post type-post status-publish format-standard has-post-thumbnail hentry category-geen-onderdeel-van-een-categorie\" role=\"listitem\">\n\t\t\t<div class=\"elementor-post__card\">\n\t\t\t\t<a class=\"elementor-post__thumbnail__link\" href=\"https:\/\/sunriseenergy.es\/nl\/subsidies-en-belastingvoordelen-voor-zonnepanelen-in-spanje-uitgelegd-per-regio\/\" tabindex=\"-1\" ><div class=\"elementor-post__thumbnail\"><img fetchpriority=\"high\" decoding=\"async\" width=\"2040\" height=\"1530\" src=\"https:\/\/sunriseenergy.es\/wp-content\/uploads\/2024\/12\/IMG-20241120-WA0011.jpg\" class=\"attachment-full size-full wp-image-2246\" alt=\"\" srcset=\"https:\/\/sunriseenergy.es\/wp-content\/uploads\/2024\/12\/IMG-20241120-WA0011.jpg 2040w, https:\/\/sunriseenergy.es\/wp-content\/uploads\/2024\/12\/IMG-20241120-WA0011-300x225.jpg 300w, https:\/\/sunriseenergy.es\/wp-content\/uploads\/2024\/12\/IMG-20241120-WA0011-1024x768.jpg 1024w, https:\/\/sunriseenergy.es\/wp-content\/uploads\/2024\/12\/IMG-20241120-WA0011-768x576.jpg 768w, https:\/\/sunriseenergy.es\/wp-content\/uploads\/2024\/12\/IMG-20241120-WA0011-1536x1152.jpg 1536w\" sizes=\"(max-width: 2040px) 100vw, 2040px\" \/><\/div><\/a>\n\t\t\t\t<div class=\"elementor-post__text\">\n\t\t\t\t<h3 class=\"elementor-post__title\">\n\t\t\t<a href=\"https:\/\/sunriseenergy.es\/nl\/subsidies-en-belastingvoordelen-voor-zonnepanelen-in-spanje-uitgelegd-per-regio\/\" >\n\t\t\t\tSubsidies en belastingvoordelen voor zonnepanelen in Spanje (uitgelegd per regio)\t\t\t<\/a>\n\t\t<\/h3>\n\t\t\t\t<div class=\"elementor-post__excerpt\">\n\t\t\t<p>Zonnepanelen in Spanje worden niet alleen interessant door de zon, maar ook door verschillende subsidies en belastingvoordelen. Deze verschillen echter sterk per regio en situatie.<\/p>\n\t\t<\/div>\n\t\t\n\t\t<a class=\"elementor-post__read-more\" href=\"https:\/\/sunriseenergy.es\/nl\/subsidies-en-belastingvoordelen-voor-zonnepanelen-in-spanje-uitgelegd-per-regio\/\" aria-label=\"Lees meer over Subsidies en belastingvoordelen voor zonnepanelen in Spanje (uitgelegd per regio)\" tabindex=\"-1\" >\n\t\t\tMeer lezen &gt;\t\t<\/a>\n\n\t\t\t\t<\/div>\n\t\t\t\t<div class=\"elementor-post__meta-data\">\n\t\t\t\t\t<span class=\"elementor-post-date\">\n\t\t\t13 februari 2026\t\t<\/span>\n\t\t\t\t<\/div>\n\t\t\t\t\t<\/div>\n\t\t<\/article>\n\t\t\t\t<article class=\"elementor-post elementor-grid-item post-10318 post type-post status-publish format-standard has-post-thumbnail hentry category-geen-onderdeel-van-een-categorie\" role=\"listitem\">\n\t\t\t<div class=\"elementor-post__card\">\n\t\t\t\t<a class=\"elementor-post__thumbnail__link\" href=\"https:\/\/sunriseenergy.es\/nl\/wat-kost-een-zonnepaneelinstallatie-in-spanje-in-2026\/\" tabindex=\"-1\" ><div class=\"elementor-post__thumbnail\"><img decoding=\"async\" width=\"1600\" height=\"1200\" src=\"https:\/\/sunriseenergy.es\/wp-content\/uploads\/2025\/05\/prijzen-zonnepanelen-spanje.jpg\" class=\"attachment-full size-full wp-image-9673\" alt=\"\" srcset=\"https:\/\/sunriseenergy.es\/wp-content\/uploads\/2025\/05\/prijzen-zonnepanelen-spanje.jpg 1600w, https:\/\/sunriseenergy.es\/wp-content\/uploads\/2025\/05\/prijzen-zonnepanelen-spanje-300x225.jpg 300w, https:\/\/sunriseenergy.es\/wp-content\/uploads\/2025\/05\/prijzen-zonnepanelen-spanje-1024x768.jpg 1024w, https:\/\/sunriseenergy.es\/wp-content\/uploads\/2025\/05\/prijzen-zonnepanelen-spanje-768x576.jpg 768w, https:\/\/sunriseenergy.es\/wp-content\/uploads\/2025\/05\/prijzen-zonnepanelen-spanje-1536x1152.jpg 1536w\" sizes=\"(max-width: 1600px) 100vw, 1600px\" \/><\/div><\/a>\n\t\t\t\t<div class=\"elementor-post__text\">\n\t\t\t\t<h3 class=\"elementor-post__title\">\n\t\t\t<a href=\"https:\/\/sunriseenergy.es\/nl\/wat-kost-een-zonnepaneelinstallatie-in-spanje-in-2026\/\" >\n\t\t\t\tWat kost een zonnepaneelinstallatie in Spanje in 2026?\t\t\t<\/a>\n\t\t<\/h3>\n\t\t\t\t<div class=\"elementor-post__excerpt\">\n\t\t\t<p>Wie zich ori\u00ebnteert op zonnepanelen in Spanje, wil meestal \u00e9\u00e9n ding weten: wat gaat het ongeveer kosten? Een logische vraag, maar ook een lastige. De<\/p>\n\t\t<\/div>\n\t\t\n\t\t<a class=\"elementor-post__read-more\" href=\"https:\/\/sunriseenergy.es\/nl\/wat-kost-een-zonnepaneelinstallatie-in-spanje-in-2026\/\" aria-label=\"Lees meer over Wat kost een zonnepaneelinstallatie in Spanje in 2026?\" tabindex=\"-1\" >\n\t\t\tMeer lezen &gt;\t\t<\/a>\n\n\t\t\t\t<\/div>\n\t\t\t\t<div class=\"elementor-post__meta-data\">\n\t\t\t\t\t<span class=\"elementor-post-date\">\n\t\t\t9 februari 2026\t\t<\/span>\n\t\t\t\t<\/div>\n\t\t\t\t\t<\/div>\n\t\t<\/article>\n\t\t\t\t<article class=\"elementor-post elementor-grid-item post-9830 post type-post status-publish format-standard has-post-thumbnail hentry category-geen-onderdeel-van-een-categorie\" role=\"listitem\">\n\t\t\t<div class=\"elementor-post__card\">\n\t\t\t\t<a class=\"elementor-post__thumbnail__link\" href=\"https:\/\/sunriseenergy.es\/nl\/carport-met-zonnepanelen\/\" tabindex=\"-1\" ><div class=\"elementor-post__thumbnail\"><img decoding=\"async\" width=\"1600\" height=\"740\" src=\"https:\/\/sunriseenergy.es\/wp-content\/uploads\/2025\/10\/solar-carport-costa-blanca.jpg\" class=\"attachment-full size-full wp-image-9821\" alt=\"\" srcset=\"https:\/\/sunriseenergy.es\/wp-content\/uploads\/2025\/10\/solar-carport-costa-blanca.jpg 1600w, https:\/\/sunriseenergy.es\/wp-content\/uploads\/2025\/10\/solar-carport-costa-blanca-300x139.jpg 300w, https:\/\/sunriseenergy.es\/wp-content\/uploads\/2025\/10\/solar-carport-costa-blanca-1024x474.jpg 1024w, https:\/\/sunriseenergy.es\/wp-content\/uploads\/2025\/10\/solar-carport-costa-blanca-768x355.jpg 768w, https:\/\/sunriseenergy.es\/wp-content\/uploads\/2025\/10\/solar-carport-costa-blanca-1536x710.jpg 1536w\" sizes=\"(max-width: 1600px) 100vw, 1600px\" \/><\/div><\/a>\n\t\t\t\t<div class=\"elementor-post__text\">\n\t\t\t\t<h3 class=\"elementor-post__title\">\n\t\t\t<a href=\"https:\/\/sunriseenergy.es\/nl\/carport-met-zonnepanelen\/\" >\n\t\t\t\tCarport met zonnepanelen\t\t\t<\/a>\n\t\t<\/h3>\n\t\t\t\t<div class=\"elementor-post__excerpt\">\n\t\t\t<p>Bij Sunrise Energy delen we graag \u00e9\u00e9n van onze nieuwste projecten: een carport met zonnepanelen voor een klant in het mooie D\u00e9nia, aan de Costa<\/p>\n\t\t<\/div>\n\t\t\n\t\t<a class=\"elementor-post__read-more\" href=\"https:\/\/sunriseenergy.es\/nl\/carport-met-zonnepanelen\/\" aria-label=\"Lees meer over Carport met zonnepanelen\" tabindex=\"-1\" >\n\t\t\tMeer lezen &gt;\t\t<\/a>\n\n\t\t\t\t<\/div>\n\t\t\t\t<div class=\"elementor-post__meta-data\">\n\t\t\t\t\t<span class=\"elementor-post-date\">\n\t\t\t23 oktober 2025\t\t<\/span>\n\t\t\t\t<\/div>\n\t\t\t\t\t<\/div>\n\t\t<\/article>\n\t\t\t\t<article class=\"elementor-post elementor-grid-item post-9705 post type-post status-publish format-standard has-post-thumbnail hentry category-geen-onderdeel-van-een-categorie\" role=\"listitem\">\n\t\t\t<div class=\"elementor-post__card\">\n\t\t\t\t<a class=\"elementor-post__thumbnail__link\" href=\"https:\/\/sunriseenergy.es\/nl\/zonnepanelen-kopen-waar-je-op-moet-letten-voordat-je-koopt\/\" tabindex=\"-1\" ><div class=\"elementor-post__thumbnail\"><img loading=\"lazy\" decoding=\"async\" width=\"1288\" height=\"966\" src=\"https:\/\/sunriseenergy.es\/wp-content\/uploads\/2024\/12\/IMG-20241216-WA0028.jpg\" class=\"attachment-full size-full wp-image-2294\" alt=\"\" srcset=\"https:\/\/sunriseenergy.es\/wp-content\/uploads\/2024\/12\/IMG-20241216-WA0028.jpg 1288w, https:\/\/sunriseenergy.es\/wp-content\/uploads\/2024\/12\/IMG-20241216-WA0028-300x225.jpg 300w, https:\/\/sunriseenergy.es\/wp-content\/uploads\/2024\/12\/IMG-20241216-WA0028-1024x768.jpg 1024w, https:\/\/sunriseenergy.es\/wp-content\/uploads\/2024\/12\/IMG-20241216-WA0028-768x576.jpg 768w\" sizes=\"(max-width: 1288px) 100vw, 1288px\" \/><\/div><\/a>\n\t\t\t\t<div class=\"elementor-post__text\">\n\t\t\t\t<h3 class=\"elementor-post__title\">\n\t\t\t<a href=\"https:\/\/sunriseenergy.es\/nl\/zonnepanelen-kopen-waar-je-op-moet-letten-voordat-je-koopt\/\" >\n\t\t\t\tZonnepanelen kopen: waar je op moet letten voordat je koopt\t\t\t<\/a>\n\t\t<\/h3>\n\t\t\t\t<div class=\"elementor-post__excerpt\">\n\t\t\t<p>De verkoop van zonnepanelen in Spanje is de afgelopen jaren enorm toegenomen. Steeds meer mensen kiezen voor zonne-energie om te besparen op hun energierekening en<\/p>\n\t\t<\/div>\n\t\t\n\t\t<a class=\"elementor-post__read-more\" href=\"https:\/\/sunriseenergy.es\/nl\/zonnepanelen-kopen-waar-je-op-moet-letten-voordat-je-koopt\/\" aria-label=\"Lees meer over Zonnepanelen kopen: waar je op moet letten voordat je koopt\" tabindex=\"-1\" >\n\t\t\tMeer lezen &gt;\t\t<\/a>\n\n\t\t\t\t<\/div>\n\t\t\t\t<div class=\"elementor-post__meta-data\">\n\t\t\t\t\t<span class=\"elementor-post-date\">\n\t\t\t4 juni 2025\t\t<\/span>\n\t\t\t\t<\/div>\n\t\t\t\t\t<\/div>\n\t\t<\/article>\n\t\t\t\t<article class=\"elementor-post elementor-grid-item post-9666 post type-post status-publish format-standard has-post-thumbnail hentry category-uncategorized\" role=\"listitem\">\n\t\t\t<div class=\"elementor-post__card\">\n\t\t\t\t<a class=\"elementor-post__thumbnail__link\" href=\"https:\/\/sunriseenergy.es\/nl\/subsidie-voor-zonnepanelen-in-spanje-hoe-werkt-het-in-2025\/\" tabindex=\"-1\" ><div class=\"elementor-post__thumbnail\"><img loading=\"lazy\" decoding=\"async\" width=\"2048\" height=\"921\" src=\"https:\/\/sunriseenergy.es\/wp-content\/uploads\/2024\/10\/IMG-20240927-WA0043.jpg\" class=\"attachment-full size-full wp-image-402\" alt=\"\" srcset=\"https:\/\/sunriseenergy.es\/wp-content\/uploads\/2024\/10\/IMG-20240927-WA0043.jpg 2048w, https:\/\/sunriseenergy.es\/wp-content\/uploads\/2024\/10\/IMG-20240927-WA0043-300x135.jpg 300w, https:\/\/sunriseenergy.es\/wp-content\/uploads\/2024\/10\/IMG-20240927-WA0043-1024x461.jpg 1024w, https:\/\/sunriseenergy.es\/wp-content\/uploads\/2024\/10\/IMG-20240927-WA0043-768x345.jpg 768w, https:\/\/sunriseenergy.es\/wp-content\/uploads\/2024\/10\/IMG-20240927-WA0043-1536x691.jpg 1536w\" sizes=\"(max-width: 2048px) 100vw, 2048px\" \/><\/div><\/a>\n\t\t\t\t<div class=\"elementor-post__text\">\n\t\t\t\t<h3 class=\"elementor-post__title\">\n\t\t\t<a href=\"https:\/\/sunriseenergy.es\/nl\/subsidie-voor-zonnepanelen-in-spanje-hoe-werkt-het-in-2025\/\" >\n\t\t\t\tSubsidie voor zonnepanelen in Spanje: hoe werkt het in 2025?\t\t\t<\/a>\n\t\t<\/h3>\n\t\t\t\t<div class=\"elementor-post__excerpt\">\n\t\t\t<p>Als je in Spanje woont of er een tweede huis bezit, is de kans groot dat je al hebt nagedacht over zonnepanelen. Logisch ook \u2014<\/p>\n\t\t<\/div>\n\t\t\n\t\t<a class=\"elementor-post__read-more\" href=\"https:\/\/sunriseenergy.es\/nl\/subsidie-voor-zonnepanelen-in-spanje-hoe-werkt-het-in-2025\/\" aria-label=\"Lees meer over Subsidie voor zonnepanelen in Spanje: hoe werkt het in 2025?\" tabindex=\"-1\" >\n\t\t\tMeer lezen &gt;\t\t<\/a>\n\n\t\t\t\t<\/div>\n\t\t\t\t<div class=\"elementor-post__meta-data\">\n\t\t\t\t\t<span class=\"elementor-post-date\">\n\t\t\t27 mei 2025\t\t<\/span>\n\t\t\t\t<\/div>\n\t\t\t\t\t<\/div>\n\t\t<\/article>\n\t\t\t\t<article class=\"elementor-post elementor-grid-item post-9074 post type-post status-publish format-standard has-post-thumbnail hentry category-geen-onderdeel-van-een-categorie\" role=\"listitem\">\n\t\t\t<div class=\"elementor-post__card\">\n\t\t\t\t<a class=\"elementor-post__thumbnail__link\" href=\"https:\/\/sunriseenergy.es\/nl\/wat-kosten-zonnepanelen-in-spanje-alles-wat-je-moet-weten-voor-jouw-investering\/\" tabindex=\"-1\" ><div class=\"elementor-post__thumbnail\"><img fetchpriority=\"high\" decoding=\"async\" width=\"2040\" height=\"1530\" src=\"https:\/\/sunriseenergy.es\/wp-content\/uploads\/2024\/12\/IMG-20241120-WA0011.jpg\" class=\"attachment-full size-full wp-image-2246\" alt=\"\" srcset=\"https:\/\/sunriseenergy.es\/wp-content\/uploads\/2024\/12\/IMG-20241120-WA0011.jpg 2040w, https:\/\/sunriseenergy.es\/wp-content\/uploads\/2024\/12\/IMG-20241120-WA0011-300x225.jpg 300w, https:\/\/sunriseenergy.es\/wp-content\/uploads\/2024\/12\/IMG-20241120-WA0011-1024x768.jpg 1024w, https:\/\/sunriseenergy.es\/wp-content\/uploads\/2024\/12\/IMG-20241120-WA0011-768x576.jpg 768w, https:\/\/sunriseenergy.es\/wp-content\/uploads\/2024\/12\/IMG-20241120-WA0011-1536x1152.jpg 1536w\" sizes=\"(max-width: 2040px) 100vw, 2040px\" \/><\/div><\/a>\n\t\t\t\t<div class=\"elementor-post__text\">\n\t\t\t\t<h3 class=\"elementor-post__title\">\n\t\t\t<a href=\"https:\/\/sunriseenergy.es\/nl\/wat-kosten-zonnepanelen-in-spanje-alles-wat-je-moet-weten-voor-jouw-investering\/\" >\n\t\t\t\tWat kosten zonnepanelen in Spanje? Alles wat je moet weten voor jouw investering\t\t\t<\/a>\n\t\t<\/h3>\n\t\t\t\t<div class=\"elementor-post__excerpt\">\n\t\t\t<p>Zonnepanelen zijn een verstandige investering in Spanje. Met gemiddeld meer dan 2.500 zonuren per jaar biedt Spanje uitstekende kansen om duurzame energie op te wekken<\/p>\n\t\t<\/div>\n\t\t\n\t\t<a class=\"elementor-post__read-more\" href=\"https:\/\/sunriseenergy.es\/nl\/wat-kosten-zonnepanelen-in-spanje-alles-wat-je-moet-weten-voor-jouw-investering\/\" aria-label=\"Lees meer over Wat kosten zonnepanelen in Spanje? Alles wat je moet weten voor jouw investering\" tabindex=\"-1\" >\n\t\t\tMeer lezen &gt;\t\t<\/a>\n\n\t\t\t\t<\/div>\n\t\t\t\t<div class=\"elementor-post__meta-data\">\n\t\t\t\t\t<span class=\"elementor-post-date\">\n\t\t\t29 april 2025\t\t<\/span>\n\t\t\t\t<\/div>\n\t\t\t\t\t<\/div>\n\t\t<\/article>\n\t\t\t\t<article class=\"elementor-post elementor-grid-item post-8984 post type-post status-publish format-standard has-post-thumbnail hentry category-geen-onderdeel-van-een-categorie\" role=\"listitem\">\n\t\t\t<div class=\"elementor-post__card\">\n\t\t\t\t<a class=\"elementor-post__thumbnail__link\" href=\"https:\/\/sunriseenergy.es\/nl\/zonnepanelen-in-alicante-waarom-nu-investeren-in-zonne-energie-een-slimme-keuze-is\/\" tabindex=\"-1\" ><div class=\"elementor-post__thumbnail\"><img loading=\"lazy\" decoding=\"async\" width=\"1000\" height=\"1333\" src=\"https:\/\/sunriseenergy.es\/wp-content\/uploads\/2025\/03\/zonnepanelen-alicante.jpg\" class=\"attachment-full size-full wp-image-6445\" alt=\"zonnepanelen alicante\" srcset=\"https:\/\/sunriseenergy.es\/wp-content\/uploads\/2025\/03\/zonnepanelen-alicante.jpg 1000w, https:\/\/sunriseenergy.es\/wp-content\/uploads\/2025\/03\/zonnepanelen-alicante-225x300.jpg 225w, https:\/\/sunriseenergy.es\/wp-content\/uploads\/2025\/03\/zonnepanelen-alicante-768x1024.jpg 768w\" sizes=\"(max-width: 1000px) 100vw, 1000px\" \/><\/div><\/a>\n\t\t\t\t<div class=\"elementor-post__text\">\n\t\t\t\t<h3 class=\"elementor-post__title\">\n\t\t\t<a href=\"https:\/\/sunriseenergy.es\/nl\/zonnepanelen-in-alicante-waarom-nu-investeren-in-zonne-energie-een-slimme-keuze-is\/\" >\n\t\t\t\tZonnepanelen in Alicante: waarom nu investeren in zonne-energie een slimme keuze is\t\t\t<\/a>\n\t\t<\/h3>\n\t\t\t\t<div class=\"elementor-post__excerpt\">\n\t\t\t<p>Overweeg je zonnepanelen te laten installeren in Alicante? Dan is dit h\u00e9t moment om te investeren! Met meer dan 300 zonnige dagen per jaar biedt<\/p>\n\t\t<\/div>\n\t\t\n\t\t<a class=\"elementor-post__read-more\" href=\"https:\/\/sunriseenergy.es\/nl\/zonnepanelen-in-alicante-waarom-nu-investeren-in-zonne-energie-een-slimme-keuze-is\/\" aria-label=\"Lees meer over Zonnepanelen in Alicante: waarom nu investeren in zonne-energie een slimme keuze is\" tabindex=\"-1\" >\n\t\t\tMeer lezen &gt;\t\t<\/a>\n\n\t\t\t\t<\/div>\n\t\t\t\t<div class=\"elementor-post__meta-data\">\n\t\t\t\t\t<span class=\"elementor-post-date\">\n\t\t\t28 april 2025\t\t<\/span>\n\t\t\t\t<\/div>\n\t\t\t\t\t<\/div>\n\t\t<\/article>\n\t\t\t\t<\/div>\n\t\t\n\t\t\t\t\t\t<\/div>\n\t\t\t\t<\/div>\n\t\t\t\t\t<\/div>\n\t\t\t\t<\/div>\n\t\t\t\t<\/div>\n\t\t","protected":false},"excerpt":{"rendered":"","protected":false},"author":1,"featured_media":0,"parent":0,"menu_order":0,"comment_status":"closed","ping_status":"closed","template":"","meta":{"_acf_changed":false,"footnotes":""},"class_list":["post-7950","page","type-page","status-publish","hentry"],"acf":[],"_links":{"self":[{"href":"https:\/\/sunriseenergy.es\/nl\/wp-json\/wp\/v2\/pages\/7950","targetHints":{"allow":["GET"]}}],"collection":[{"href":"https:\/\/sunriseenergy.es\/nl\/wp-json\/wp\/v2\/pages"}],"about":[{"href":"https:\/\/sunriseenergy.es\/nl\/wp-json\/wp\/v2\/types\/page"}],"author":[{"embeddable":true,"href":"https:\/\/sunriseenergy.es\/nl\/wp-json\/wp\/v2\/users\/1"}],"replies":[{"embeddable":true,"href":"https:\/\/sunriseenergy.es\/nl\/wp-json\/wp\/v2\/comments?post=7950"}],"version-history":[{"count":4,"href":"https:\/\/sunriseenergy.es\/nl\/wp-json\/wp\/v2\/pages\/7950\/revisions"}],"predecessor-version":[{"id":9945,"href":"https:\/\/sunriseenergy.es\/nl\/wp-json\/wp\/v2\/pages\/7950\/revisions\/9945"}],"wp:attachment":[{"href":"https:\/\/sunriseenergy.es\/nl\/wp-json\/wp\/v2\/media?parent=7950"}],"curies":[{"name":"wp","href":"https:\/\/api.w.org\/{rel}","templated":true}]}}