{"id":9741,"date":"2025-08-12T07:43:35","date_gmt":"2025-08-12T07:43:35","guid":{"rendered":"https:\/\/sunriseenergy.es\/?page_id=9741"},"modified":"2025-10-24T06:37:56","modified_gmt":"2025-10-24T06:37:56","slug":"condiciones-generales","status":"publish","type":"page","link":"https:\/\/sunriseenergy.es\/es\/condiciones-generales\/","title":{"rendered":"Condiciones generales"},"content":{"rendered":"\t\t<div data-elementor-type=\"wp-page\" data-elementor-id=\"9741\" class=\"elementor elementor-9741\" data-elementor-post-type=\"page\">\n\t\t\t\t<div class=\"elementor-element elementor-element-478a714 e-flex e-con-boxed e-con e-parent\" data-id=\"478a714\" data-element_type=\"container\" data-e-type=\"container\" data-settings=\"{&quot;background_background&quot;:&quot;classic&quot;}\">\n\t\t\t\t\t<div class=\"e-con-inner\">\n\t\t<div class=\"elementor-element elementor-element-b956d17 e-con-full e-flex e-con e-child\" data-id=\"b956d17\" data-element_type=\"container\" data-e-type=\"container\">\n\t\t\t\t<div class=\"elementor-element elementor-element-ec249c2 elementor-widget elementor-widget-heading\" data-id=\"ec249c2\" data-element_type=\"widget\" data-e-type=\"widget\" data-widget_type=\"heading.default\">\n\t\t\t\t<div class=\"elementor-widget-container\">\n\t\t\t\t\t<h1 class=\"elementor-heading-title elementor-size-default\">Condiciones generales<\/h1>\t\t\t\t<\/div>\n\t\t\t\t<\/div>\n\t\t\t\t<div class=\"elementor-element elementor-element-1349068 elementor-widget elementor-widget-shortcode\" data-id=\"1349068\" data-element_type=\"widget\" data-e-type=\"widget\" data-widget_type=\"shortcode.default\">\n\t\t\t\t<div class=\"elementor-widget-container\">\n\t\t\t\t\t\t\t<div class=\"elementor-shortcode\"><nav aria-label=\"breadcrumbs\" class=\"rank-math-breadcrumb\"><p><span class=\"last\">Home<\/span><\/p><\/nav><\/div>\n\t\t\t\t\t\t<\/div>\n\t\t\t\t<\/div>\n\t\t\t\t<\/div>\n\t\t\t\t\t<\/div>\n\t\t\t\t<\/div>\n\t\t<div class=\"elementor-element elementor-element-b110679 e-flex e-con-boxed e-con e-parent\" data-id=\"b110679\" data-element_type=\"container\" data-e-type=\"container\">\n\t\t\t\t\t<div class=\"e-con-inner\">\n\t\t\t\t<div class=\"elementor-element elementor-element-72980b5 elementor-widget elementor-widget-text-editor\" data-id=\"72980b5\" data-element_type=\"widget\" data-e-type=\"widget\" data-widget_type=\"text-editor.default\">\n\t\t\t\t<div class=\"elementor-widget-container\">\n\t\t\t\t\t\t\t\t\t<p class=\"p1\"><b>1. Aplicabilidad<\/b><b><\/b><\/p><p class=\"p1\">Estas condiciones se aplican a todas las ofertas, entregas, instalaciones y servicios de Sunrise Energy S.L., salvo que se acuerde lo contrario por escrito.<\/p><p class=\"p3\"><b>2. Pago<\/b><b><\/b><\/p><p class=\"p1\">Las facturas deber\u00e1n abonarse en su totalidad dentro de los 7 d\u00edas h\u00e1biles posteriores a la fecha de la factura, salvo acuerdo escrito en contrario. En caso de retraso en el pago, Sunrise Energy podr\u00e1 aplicar intereses legales y costes de cobro. La instalaci\u00f3n seguir\u00e1 siendo propiedad de Sunrise Energy hasta que se reciba el pago completo.<\/p><p class=\"p3\"><b>3. Cl\u00e1usula de no competencia<\/b><b><\/b><\/p><p class=\"p1\">El cliente no podr\u00e1 realizar acuerdos directos o indirectos con subcontratistas, proveedores o instaladores de Sunrise Energy sin autorizaci\u00f3n por escrito. En caso de incumplimiento, Sunrise Energy se reserva el derecho de rescindir el contrato y reclamar da\u00f1os.<\/p><p class=\"p3\"><b>4. Planificaci\u00f3n y plazos<\/b><b><\/b><\/p><p class=\"p1\">Las fechas de instalaci\u00f3n y entrega indicadas son orientativas. Los retrasos debidos a condiciones clim\u00e1ticas, problemas de suministro o dependencias de terceros no dar\u00e1n derecho a indemnizaci\u00f3n.<\/p><p class=\"p3\"><b>5. Acceso al lugar de instalaci\u00f3n<\/b><b><\/b><\/p><p class=\"p1\">El cliente deber\u00e1 garantizar un acceso libre y seguro al tejado, cuadro el\u00e9ctrico y dem\u00e1s zonas necesarias. Los obst\u00e1culos deber\u00e1n retirarse previamente. Los costes adicionales ocasionados por obst\u00e1culos se facturar\u00e1n aparte.<\/p><p class=\"p3\"><b>6. Da\u00f1os en tejas<\/b><b><\/b><\/p><p class=\"p1\">Durante la instalaci\u00f3n puede ocurrir que se rompan tejas. Esto se considera un riesgo normal de trabajos en tejados. El cliente deber\u00e1 proporcionar tejas de repuesto. Sunrise Energy podr\u00e1 sustituirlas, previo acuerdo, siempre que sea t\u00e9cnicamente posible. En algunos casos no ser\u00e1 posible, por ejemplo, cuando las tejas est\u00e9n fijadas con mortero. Los costes del material ser\u00e1n a cargo del cliente.<\/p><p class=\"p3\"><b>7. Trabajos adicionales y cambios de precio<\/b><b><\/b><\/p><p class=\"p1\">Si durante la instalaci\u00f3n se requieren trabajos o materiales adicionales, se facturar\u00e1n aparte tras el correspondiente acuerdo.<\/p><p class=\"p3\"><b>8. Licencias y subvenciones<\/b><b><\/b><\/p><p class=\"p1\">Sunrise Energy podr\u00e1 gestionar la solicitud de licencias y\/o subvenciones si as\u00ed se acuerda. No se garantiza la aprobaci\u00f3n o concesi\u00f3n. La denegaci\u00f3n no ser\u00e1 motivo de anulaci\u00f3n gratuita de los trabajos ya realizados.<\/p><p class=\"p3\"><b>9. Monitorizaci\u00f3n y conexi\u00f3n a internet<\/b><b><\/b><\/p><p class=\"p1\">El cliente es responsable de mantener una conexi\u00f3n a internet estable para la monitorizaci\u00f3n. Sunrise Energy no ser\u00e1 responsable de fallos causados por una mala conexi\u00f3n. Si el cliente cambia de proveedor de internet, la conexi\u00f3n con la aplicaci\u00f3n de monitorizaci\u00f3n puede perderse. El cliente puede restablecerla con ayuda remota de Sunrise Energy. Si fuera necesario que Sunrise Energy acuda f\u00edsicamente, se cobrar\u00e1n los costes correspondientes.<\/p><p class=\"p3\"><b>10. Aver\u00edas en otros aparatos<\/b><b><\/b><\/p><p class=\"p1\">Si tras la instalaci\u00f3n surgen problemas con otros aparatos de la vivienda, se contratar\u00e1 a un electricista independiente autorizado. Los costes ser\u00e1n a cargo del cliente, salvo que se demuestre que Sunrise Energy es la causa.<\/p><p class=\"p3\"><b>11. Garant\u00eda<\/b><b><\/b><\/p><p class=\"p1\">Las garant\u00edas de f\u00e1brica se aplican seg\u00fan lo indicado en la oferta. Garant\u00eda de instalaci\u00f3n: 2 a\u00f1os, salvo acuerdo diferente. La garant\u00eda quedar\u00e1 anulada en caso de uso indebido, da\u00f1os por terceros o modificaciones sin autorizaci\u00f3n.<\/p><p class=\"p3\"><b>12. Mantenimiento<\/b><b><\/b><\/p><p class=\"p1\">La limpieza y el mantenimiento ser\u00e1n a cargo del cliente, salvo que se haya contratado un servicio de mantenimiento.<\/p><p class=\"p3\"><b>13. Responsabilidad<\/b><b><\/b><\/p><p class=\"p1\">Sunrise Energy ser\u00e1 responsable \u00fanicamente de los da\u00f1os directos causados por errores demostrables. Quedan excluidos los da\u00f1os indirectos, consecuenciales o la p\u00e9rdida de beneficios.<\/p><p class=\"p3\"><b>14. Fuerza mayor<\/b><b><\/b><\/p><p class=\"p1\">Sunrise Energy no ser\u00e1 responsable en casos de fuerza mayor, incluidos: condiciones meteorol\u00f3gicas extremas, huelgas, escasez de materiales, medidas gubernamentales, enfermedad u otras circunstancias fuera de nuestro control.<\/p><p class=\"p3\"><b>15. Disputas<\/b><b><\/b><\/p><p class=\"p1\">Este contrato se regir\u00e1 por la legislaci\u00f3n espa\u00f1ola. Cualquier disputa se someter\u00e1 al juez competente en la provincia de Alicante.<\/p>\t\t\t\t\t\t\t\t<\/div>\n\t\t\t\t<\/div>\n\t\t\t\t\t<\/div>\n\t\t\t\t<\/div>\n\t\t\t\t<\/div>\n\t\t","protected":false},"excerpt":{"rendered":"<p>1. Aplicabilidad Estas condiciones se aplican a todas las ofertas, entregas, instalaciones y servicios de Sunrise Energy S.L., salvo que se acuerde lo contrario por escrito. 2. Pago Las facturas deber\u00e1n abonarse en su totalidad dentro de los 7 d\u00edas h\u00e1biles posteriores a la fecha de la factura, salvo acuerdo escrito en contrario. En caso [&hellip;]<\/p>\n","protected":false},"author":1,"featured_media":0,"parent":0,"menu_order":0,"comment_status":"closed","ping_status":"closed","template":"","meta":{"_acf_changed":false,"footnotes":""},"class_list":["post-9741","page","type-page","status-publish","hentry"],"acf":[],"_links":{"self":[{"href":"https:\/\/sunriseenergy.es\/es\/wp-json\/wp\/v2\/pages\/9741","targetHints":{"allow":["GET"]}}],"collection":[{"href":"https:\/\/sunriseenergy.es\/es\/wp-json\/wp\/v2\/pages"}],"about":[{"href":"https:\/\/sunriseenergy.es\/es\/wp-json\/wp\/v2\/types\/page"}],"author":[{"embeddable":true,"href":"https:\/\/sunriseenergy.es\/es\/wp-json\/wp\/v2\/users\/1"}],"replies":[{"embeddable":true,"href":"https:\/\/sunriseenergy.es\/es\/wp-json\/wp\/v2\/comments?post=9741"}],"version-history":[{"count":7,"href":"https:\/\/sunriseenergy.es\/es\/wp-json\/wp\/v2\/pages\/9741\/revisions"}],"predecessor-version":[{"id":9924,"href":"https:\/\/sunriseenergy.es\/es\/wp-json\/wp\/v2\/pages\/9741\/revisions\/9924"}],"wp:attachment":[{"href":"https:\/\/sunriseenergy.es\/es\/wp-json\/wp\/v2\/media?parent=9741"}],"curies":[{"name":"wp","href":"https:\/\/api.w.org\/{rel}","templated":true}]}}