{"id":969,"date":"2024-04-22T08:09:41","date_gmt":"2024-04-22T08:09:41","guid":{"rendered":"https:\/\/sunriseenergy.es\/politica-de-privacidad\/"},"modified":"2025-10-24T06:37:47","modified_gmt":"2025-10-24T06:37:47","slug":"politica-de-privacidad","status":"publish","type":"page","link":"https:\/\/sunriseenergy.es\/es\/politica-de-privacidad\/","title":{"rendered":"Pol\u00edtica de privacidad"},"content":{"rendered":"\t\t<div data-elementor-type=\"wp-page\" data-elementor-id=\"969\" class=\"elementor elementor-969 elementor-3\" data-elementor-post-type=\"page\">\n\t\t\t\t<div class=\"elementor-element elementor-element-3144591 e-flex e-con-boxed e-con e-parent\" data-id=\"3144591\" data-element_type=\"container\" data-e-type=\"container\" data-settings=\"{&quot;background_background&quot;:&quot;classic&quot;}\">\n\t\t\t\t\t<div class=\"e-con-inner\">\n\t\t<div class=\"elementor-element elementor-element-c7243d4 e-con-full e-flex e-con e-child\" data-id=\"c7243d4\" data-element_type=\"container\" data-e-type=\"container\">\n\t\t\t\t<div class=\"elementor-element elementor-element-6c94993 elementor-widget elementor-widget-heading\" data-id=\"6c94993\" data-element_type=\"widget\" data-e-type=\"widget\" data-widget_type=\"heading.default\">\n\t\t\t\t<div class=\"elementor-widget-container\">\n\t\t\t\t\t<h1 class=\"elementor-heading-title elementor-size-default\">Pol\u00edtica de privacidad<\/h1>\t\t\t\t<\/div>\n\t\t\t\t<\/div>\n\t\t\t\t<div class=\"elementor-element elementor-element-36585b3 elementor-widget elementor-widget-shortcode\" data-id=\"36585b3\" data-element_type=\"widget\" data-e-type=\"widget\" data-widget_type=\"shortcode.default\">\n\t\t\t\t<div class=\"elementor-widget-container\">\n\t\t\t\t\t\t\t<div class=\"elementor-shortcode\"><nav aria-label=\"breadcrumbs\" class=\"rank-math-breadcrumb\"><p><span class=\"last\">Home<\/span><\/p><\/nav><\/div>\n\t\t\t\t\t\t<\/div>\n\t\t\t\t<\/div>\n\t\t\t\t<\/div>\n\t\t\t\t\t<\/div>\n\t\t\t\t<\/div>\n\t\t<div class=\"elementor-element elementor-element-899b345 e-flex e-con-boxed e-con e-parent\" data-id=\"899b345\" data-element_type=\"container\" data-e-type=\"container\">\n\t\t\t\t\t<div class=\"e-con-inner\">\n\t\t\t\t<div class=\"elementor-element elementor-element-ebe13fe elementor-widget elementor-widget-text-editor\" data-id=\"ebe13fe\" data-element_type=\"widget\" data-e-type=\"widget\" data-widget_type=\"text-editor.default\">\n\t\t\t\t<div class=\"elementor-widget-container\">\n\t\t\t\t\t\t\t\t\t\n<p><\/p>\n<p><\/p>\n<p><\/p>\n<p><strong>Pol\u00edtica de privacidad<\/strong><\/p>\n<p><\/p>\n<p><em>\u00daltima actualizaci\u00f3n: 25-10-2024<\/em><\/p>\n<p><\/p>\n<p>En Sunrise Energy (accesible desde <a href=\"https:\/\/sunriseenergy.es\/es\/\">sunriseenergy.es<\/a>) , damos prioridad a tu privacidad. Este documento de Pol\u00edtica de Privacidad describe los tipos de informaci\u00f3n personal recopilada, c\u00f3mo se utiliza y las medidas que adoptamos para protegerla. Al utilizar nuestro sitio web , t\u00fa aceptas los t\u00e9rminos de esta Pol\u00edtica de Privacidad.  <\/p>\n<p><\/p>\n<p><strong>1. Informaci\u00f3n que recopilamos<\/strong><\/p>\n<p><\/p>\n<p>Recopilamos varios tipos de informaci\u00f3n con diversos fines, entre ellos:<\/p>\n<p><\/p>\n<p>&#8211; <strong> Informaci\u00f3n de identificaci\u00f3n personal<\/strong>: Esto puede incluir tu nombre, direcci\u00f3n de correo electr\u00f3nico, n\u00famero de tel\u00e9fono, y cualquier otro dato que nos facilites directamente al rellenar los formularios de nuestro sitio web.<\/p>\n<p><\/p>\n<p>&#8211; <strong>Datos deuso<\/strong>: Recopilamos autom\u00e1ticamente informaci\u00f3n sobre c\u00f3mo accedes e interact\u00faas con nuestro sitio web, incluyendo tu direcci\u00f3n IP, tipo de navegador las p\u00e1ginas visitadas y la fecha y hora de tu visita.<\/p>\n<p><\/p>\n<p>&#8211; <strong>Cookies y tecnolog\u00edas de seguimiento<\/strong>: Nuestro sitio web puede utilizar cookies y tecnolog\u00edas similares para recopilar informaci\u00f3n sobre tus actividades de navegaci\u00f3n y preferencias.<\/p>\n<p><\/p>\n<p><strong>2. C\u00f3mo utilizamos tu informaci\u00f3n<\/strong><\/p>\n<p><\/p>\n<p>Sunrise Energy utiliza la informaci\u00f3n recopilada para los siguientes fines:<\/p>\n<p><\/p>\n<p>&#8211; Proporcionar, operar y mantener nuestro sitio web<\/p>\n<p><\/p>\n<p>\u2022 Para mejorar y personalizar su experiencia<\/p>\n<p><\/p>\n<p>\u2022 Para responder a consultas o tramitar solicitudes de servicio<\/p>\n<p><\/p>\n<p>&#8211; Para an\u00e1lisis e informes internos<\/p>\n<p><\/p>\n<p>&#8211; Para comunicarnos con usted, incluidos los mensajes promocionales y de marketing (con tu consentimiento).<\/p>\n<p><\/p>\n<p>&#8211; Para cumplir las obligaciones legales y hacer cumplir nuestras condiciones<\/p>\n<p><\/p>\n<p><strong>3. Cookies y tecnolog\u00edas de seguimiento<\/strong><\/p>\n<p><\/p>\n<p>Las cookies nos ayudan a ofrecer una mejor experiencia de usuario recordando tus preferencias y haciendo un seguimiento de tu interacci\u00f3n con el sitio web. Puedes configurar tu navegador para que rechace las cookies, aunque algunas funciones del sitio web pueden no funcionar correctamente sin ellas. <\/p>\n<p><\/p>\n<p><strong>4. C\u00f3mo compartimos tu informaci\u00f3n<\/strong><\/p>\n<p><\/p>\n<p>No vendemos ni alquilamos tus datos personales. S\u00f3lo podemos compartirla: <\/p>\n<p><\/p>\n<p>&#8211; <strong>Con proveedores de servicios<\/strong>: Para facilitar servicios en nuestro nombre, como el procesamiento de pagos, alojamiento de sitios web y an\u00e1lisis.<\/p>\n<p><\/p>\n<p>&#8211; <strong>Para fines legales<\/strong>: Cuando lo exija la ley, una orden judicial u otra autoridad gubernament al, o para proteger nuestros derechos legales y la seguridad de nuestros usuarios.<\/p>\n<p><\/p>\n<p><strong>5. Seguridad de los datos<\/strong><\/p>\n<p><\/p>\n<p>Aplicamos medidas de seguridad adecuadas para proteger tus datos. Sin embargo, ning\u00fan m\u00e9todo de transmisi\u00f3n o almacenamiento electr\u00f3nico es 100% seguro, por lo que , aunque nos esforzamos por proteger tu informaci\u00f3n personal, no podemos garantizar su seguridad absoluta. <\/p>\n<p><\/p>\n<p><strong>6. Tus derechos en materia de protecci\u00f3n de datos<\/strong><\/p>\n<p><\/p>\n<p>De conformidad con la legislaci\u00f3n aplicable, t\u00fa puedes tener derecho a:<\/p>\n<p><\/p>\n<p>&#8211; Solicitar acceso a tu informaci\u00f3n personal<\/p>\n<p><\/p>\n<p>&#8211; Solicitar la rectificaci\u00f3n o supresi\u00f3n de tus datos personales<\/p>\n<p><\/p>\n<p>&#8211; Oponerse al tratamiento de tus datos<\/p>\n<p><\/p>\n<p>\u2022 Solicitar restricciones al tratamiento de datos<\/p>\n<p><\/p>\n<p>Para ejercer estos derechos, ponte en contacto con nosotros en info@sunriseenergy.es.<\/p>\n<p><\/p>\n<p><strong>7. Privacidad de los ni\u00f1os<\/strong><\/p>\n<p><\/p>\n<p>Nuestro sitio web no est\u00e1 dirigido a personas menores de 16 a\u00f1os. No recopilamos conscientemente informaci\u00f3n personal de menores de 16 a\u00f1os. <\/p>\n<p><\/p>\n<p><strong>8. Cambios en esta pol\u00edtica de privacidad<\/strong><\/p>\n<p><\/p>\n<p>Podemos actualizar esta Pol\u00edtica de Privacidad ocasionalmente, y la pol\u00edtica actualizada se publicar\u00e1 en esta p\u00e1gina con la fecha de entrada en vigor. Te recomendamos que revises esta p\u00e1gina con regularidad para mantenerte informado de cualquier cambio. <\/p>\n<p><\/p>\n<p><strong>9. Contacto<\/strong><\/p>\n<p><\/p>\n<p>Si tienes preguntas o dudas sobre esta Pol\u00edtica de Privacidad, ponte en contacto con nosotros en:<\/p>\n<p><\/p>\n<p><strong>Sunrise Energy<\/strong><\/p>\n<p><\/p>\n<p>Correo electr\u00f3nico: info@sunriseenergy.es<\/p>\n<p><\/p>\n<p>Direcci\u00f3n: Partida Baya Alta, Poligono 1, 118 B, 03292 Las Bayas, Espa\u00f1a<\/p>\n\t\t\t\t\t\t\t\t<\/div>\n\t\t\t\t<\/div>\n\t\t\t\t\t<\/div>\n\t\t\t\t<\/div>\n\t\t\t\t<\/div>\n\t\t","protected":false},"excerpt":{"rendered":"<p>Pol\u00edtica de privacidad \u00daltima actualizaci\u00f3n: 25-10-2024 En Sunrise Energy (accesible desde sunriseenergy.es) , damos prioridad a tu privacidad. Este documento de Pol\u00edtica de Privacidad describe los tipos de informaci\u00f3n personal recopilada, c\u00f3mo se utiliza y las medidas que adoptamos para protegerla. Al utilizar nuestro sitio web , t\u00fa aceptas los t\u00e9rminos de esta Pol\u00edtica de [&hellip;]<\/p>\n","protected":false},"author":1,"featured_media":0,"parent":0,"menu_order":0,"comment_status":"closed","ping_status":"closed","template":"elementor_header_footer","meta":{"_acf_changed":false,"footnotes":""},"class_list":["post-969","page","type-page","status-publish","hentry"],"acf":[],"_links":{"self":[{"href":"https:\/\/sunriseenergy.es\/es\/wp-json\/wp\/v2\/pages\/969","targetHints":{"allow":["GET"]}}],"collection":[{"href":"https:\/\/sunriseenergy.es\/es\/wp-json\/wp\/v2\/pages"}],"about":[{"href":"https:\/\/sunriseenergy.es\/es\/wp-json\/wp\/v2\/types\/page"}],"author":[{"embeddable":true,"href":"https:\/\/sunriseenergy.es\/es\/wp-json\/wp\/v2\/users\/1"}],"replies":[{"embeddable":true,"href":"https:\/\/sunriseenergy.es\/es\/wp-json\/wp\/v2\/comments?post=969"}],"version-history":[{"count":6,"href":"https:\/\/sunriseenergy.es\/es\/wp-json\/wp\/v2\/pages\/969\/revisions"}],"predecessor-version":[{"id":9921,"href":"https:\/\/sunriseenergy.es\/es\/wp-json\/wp\/v2\/pages\/969\/revisions\/9921"}],"wp:attachment":[{"href":"https:\/\/sunriseenergy.es\/es\/wp-json\/wp\/v2\/media?parent=969"}],"curies":[{"name":"wp","href":"https:\/\/api.w.org\/{rel}","templated":true}]}}