{"id":6745,"date":"2025-03-19T11:03:25","date_gmt":"2025-03-19T11:03:25","guid":{"rendered":"https:\/\/sunriseenergy.es\/paneles-solares-alicante\/"},"modified":"2025-10-24T06:38:29","modified_gmt":"2025-10-24T06:38:29","slug":"paneles-solares-alicante","status":"publish","type":"page","link":"https:\/\/sunriseenergy.es\/es\/paneles-solares-alicante\/","title":{"rendered":"Paneles solares Alicante"},"content":{"rendered":"\t\t<div data-elementor-type=\"wp-page\" data-elementor-id=\"6745\" class=\"elementor elementor-6745 elementor-6428\" data-elementor-post-type=\"page\">\n\t\t\t\t<div class=\"elementor-element elementor-element-53a2621 e-flex e-con-boxed e-con e-parent\" data-id=\"53a2621\" data-element_type=\"container\" data-e-type=\"container\" data-settings=\"{&quot;background_background&quot;:&quot;classic&quot;}\">\n\t\t\t\t\t<div class=\"e-con-inner\">\n\t\t<div class=\"elementor-element elementor-element-17f6919 e-con-full e-flex e-con e-child\" data-id=\"17f6919\" data-element_type=\"container\" data-e-type=\"container\">\n\t\t\t\t<div class=\"elementor-element elementor-element-52a5d02 elementor-widget elementor-widget-heading\" data-id=\"52a5d02\" data-element_type=\"widget\" data-e-type=\"widget\" data-widget_type=\"heading.default\">\n\t\t\t\t<div class=\"elementor-widget-container\">\n\t\t\t\t\t<h1 class=\"elementor-heading-title elementor-size-default\">Paneles solares Alicante<\/h1>\t\t\t\t<\/div>\n\t\t\t\t<\/div>\n\t\t\t\t<div class=\"elementor-element elementor-element-22fbd98 elementor-widget elementor-widget-shortcode\" data-id=\"22fbd98\" data-element_type=\"widget\" data-e-type=\"widget\" data-widget_type=\"shortcode.default\">\n\t\t\t\t<div class=\"elementor-widget-container\">\n\t\t\t\t\t\t\t<div class=\"elementor-shortcode\"><nav aria-label=\"breadcrumbs\" class=\"rank-math-breadcrumb\"><p><span class=\"last\">Home<\/span><\/p><\/nav><\/div>\n\t\t\t\t\t\t<\/div>\n\t\t\t\t<\/div>\n\t\t\t\t<\/div>\n\t\t\t\t\t<\/div>\n\t\t\t\t<\/div>\n\t\t<div class=\"elementor-element elementor-element-d474a3e e-flex e-con-boxed e-con e-parent\" data-id=\"d474a3e\" data-element_type=\"container\" data-e-type=\"container\">\n\t\t\t\t\t<div class=\"e-con-inner\">\n\t\t<div class=\"elementor-element elementor-element-e3604b8 e-con-full e-flex e-con e-child\" data-id=\"e3604b8\" data-element_type=\"container\" data-e-type=\"container\">\n\t\t\t\t<div class=\"elementor-element elementor-element-2847b83 elementor-widget elementor-widget-image\" data-id=\"2847b83\" data-element_type=\"widget\" data-e-type=\"widget\" data-widget_type=\"image.default\">\n\t\t\t\t<div class=\"elementor-widget-container\">\n\t\t\t\t\t\t\t\t\t\t\t\t\t\t\t<img fetchpriority=\"high\" decoding=\"async\" width=\"1000\" height=\"1333\" src=\"https:\/\/sunriseenergy.es\/wp-content\/uploads\/2025\/03\/zonnepanelen-alicante.jpg\" class=\"attachment-full size-full wp-image-6447\" alt=\"zonnepanelen alicante\" srcset=\"https:\/\/sunriseenergy.es\/wp-content\/uploads\/2025\/03\/zonnepanelen-alicante.jpg 1000w, https:\/\/sunriseenergy.es\/wp-content\/uploads\/2025\/03\/zonnepanelen-alicante-225x300.jpg 225w, https:\/\/sunriseenergy.es\/wp-content\/uploads\/2025\/03\/zonnepanelen-alicante-768x1024.jpg 768w\" sizes=\"(max-width: 1000px) 100vw, 1000px\" \/>\t\t\t\t\t\t\t\t\t\t\t\t\t\t\t<\/div>\n\t\t\t\t<\/div>\n\t\t\t\t<\/div>\n\t\t<div class=\"elementor-element elementor-element-73690d7 e-con-full e-flex e-con e-child\" data-id=\"73690d7\" data-element_type=\"container\" data-e-type=\"container\">\n\t\t\t\t<div class=\"elementor-element elementor-element-004c98b elementor-widget elementor-widget-heading\" data-id=\"004c98b\" data-element_type=\"widget\" data-e-type=\"widget\" data-widget_type=\"heading.default\">\n\t\t\t\t<div class=\"elementor-widget-container\">\n\t\t\t\t\t<h2 class=\"elementor-heading-title elementor-size-default\">Instalaci\u00f3n de paneles solares en Alicante<\/h2>\t\t\t\t<\/div>\n\t\t\t\t<\/div>\n\t\t\t\t<div class=\"elementor-element elementor-element-0b5df3a elementor-widget elementor-widget-text-editor\" data-id=\"0b5df3a\" data-element_type=\"widget\" data-e-type=\"widget\" data-widget_type=\"text-editor.default\">\n\t\t\t\t<div class=\"elementor-widget-container\">\n\t\t\t\t\t\t\t\t\t<h2 data-start=\"1302\" data-end=\"1380\"><strong data-start=\"1306\" data-end=\"1378\">Paneles solares en Alicante &#8211; Energ\u00eda renovable para un futuro mejor<\/strong><\/h2>\n<p data-start=\"1382\" data-end=\"1637\">Con el clima soleado de Alicante, es una oportunidad perdida no instalar paneles solares. En <strong data-start=\"1484\" data-end=\"1502\">Sunrise Energy<\/strong>ofrecemos soluciones solares a medida para particulares y empresas, para que saques el m\u00e1ximo partido a tu inversi\u00f3n. <\/p>\n<h2 data-start=\"1639\" data-end=\"1682\"><strong data-start=\"1644\" data-end=\"1680\">\u00bfPor qu\u00e9 paneles solares en Alicante?<\/strong><\/h2>\n<p data-start=\"1683\" data-end=\"1934\"><strong data-start=\"1686\" data-end=\"1725\">\u2705 M\u00e1s de 300 d\u00edas soleados al a\u00f1o<\/strong> &#8211; Genera tu propia energ\u00eda verde.<br data-start=\"1759\" data-end=\"1762\">\u2705 <strong data-start=\"1765\" data-end=\"1784\">Ahorro instant\u00e1neo<\/strong> &#8211; Tu factura energ\u00e9tica se reduce considerablemente.<br data-start=\"1824\" data-end=\"1827\">\u2705 <strong data-start=\"1830\" data-end=\"1865\">Aumenta el valor de tu casa<\/strong> &#8211; Los paneles solares hacen que tu casa sea m\u00e1s atractiva y eficiente energ\u00e9ticamente.<\/p>\n<h4 data-start=\"1936\" data-end=\"1970\"><strong data-start=\"1941\" data-end=\"1968\">Nuestra garant\u00eda de calidad<\/strong><\/h4>\n<p data-start=\"1971\" data-end=\"2171\">\u2705 Paneles solares de alta calidad con el m\u00e1ximo rendimiento.<br data-start=\"2022\" data-end=\"2025\">\u2705 Instalaci\u00f3n r\u00e1pida y profesional.<br data-start=\"2063\" data-end=\"2066\">\u2705 Orientaci\u00f3n sobre subvenciones y beneficios fiscales.<br data-start=\"2116\" data-end=\"2119\">\u2705 Supervisi\u00f3n y mantenimiento para una eficacia \u00f3ptima.<\/p>\n<p data-start=\"2173\" data-end=\"2257\">En Sunrise Energy, hacemos que el cambio a la energ\u00eda solar sea f\u00e1cil y sin preocupaciones.<\/p>\n\t\t\t\t\t\t\t\t<\/div>\n\t\t\t\t<\/div>\n\t\t\t\t<\/div>\n\t\t\t\t\t<\/div>\n\t\t\t\t<\/div>\n\t\t\t\t<\/div>\n\t\t","protected":false},"excerpt":{"rendered":"<p>Instalaci\u00f3n de paneles solares en Alicante Paneles solares en Alicante &#8211; Energ\u00eda renovable para un futuro mejor Con el clima soleado de Alicante, es una oportunidad perdida no instalar paneles solares. En Sunrise Energyofrecemos soluciones solares a medida para particulares y empresas, para que saques el m\u00e1ximo partido a tu inversi\u00f3n. \u00bfPor qu\u00e9 paneles solares [&hellip;]<\/p>\n","protected":false},"author":3,"featured_media":0,"parent":0,"menu_order":0,"comment_status":"closed","ping_status":"closed","template":"","meta":{"_acf_changed":false,"footnotes":""},"class_list":["post-6745","page","type-page","status-publish","hentry"],"acf":[],"_links":{"self":[{"href":"https:\/\/sunriseenergy.es\/es\/wp-json\/wp\/v2\/pages\/6745","targetHints":{"allow":["GET"]}}],"collection":[{"href":"https:\/\/sunriseenergy.es\/es\/wp-json\/wp\/v2\/pages"}],"about":[{"href":"https:\/\/sunriseenergy.es\/es\/wp-json\/wp\/v2\/types\/page"}],"author":[{"embeddable":true,"href":"https:\/\/sunriseenergy.es\/es\/wp-json\/wp\/v2\/users\/3"}],"replies":[{"embeddable":true,"href":"https:\/\/sunriseenergy.es\/es\/wp-json\/wp\/v2\/comments?post=6745"}],"version-history":[{"count":4,"href":"https:\/\/sunriseenergy.es\/es\/wp-json\/wp\/v2\/pages\/6745\/revisions"}],"predecessor-version":[{"id":9933,"href":"https:\/\/sunriseenergy.es\/es\/wp-json\/wp\/v2\/pages\/6745\/revisions\/9933"}],"wp:attachment":[{"href":"https:\/\/sunriseenergy.es\/es\/wp-json\/wp\/v2\/media?parent=6745"}],"curies":[{"name":"wp","href":"https:\/\/api.w.org\/{rel}","templated":true}]}}